{"id":3,"date":"2025-02-26T09:22:14","date_gmt":"2025-02-26T09:22:14","guid":{"rendered":"http:\/\/boclairagency.com\/?page_id=3"},"modified":"2026-02-16T15:33:07","modified_gmt":"2026-02-16T15:33:07","slug":"privacy-policy","status":"publish","type":"page","link":"https:\/\/boclairagency.com\/en\/privacy-policy\/","title":{"rendered":"Privacy Policy"},"content":{"rendered":"<h2 class=\"wp-block-heading\">Politique de confidentialit\u00e9<\/h2>\n\n\n\n<p>Cette Politique de Confidentialit\u00e9 et Mentions L\u00e9gales d\u00e9crit la mani\u00e8re dont la soci\u00e9t\u00e9<strong>&nbsp;Boclair<\/strong>&nbsp;<strong>Agency<\/strong>&nbsp;collecte, utilise et prot\u00e8ge les informations que vous fournissez lors de l\u2019utilisation de ce site web, ainsi que les informations l\u00e9gales relatives \u00e0 notre entreprise et \u00e0 notre site web.<\/p>\n\n\n\n<h2 class=\"wp-block-heading\">\u2013 Collecte et Utilisation des Informations<\/h2>\n\n\n\n<p>Nous recueillons des informations personnelles identifiables telles que votre nom, votre adresse e-mail, votre num\u00e9ro de t\u00e9l\u00e9phone, etc., uniquement lorsque vous les fournissez volontairement, par exemple, en remplissant un formulaire de contact ou en vous inscrivant \u00e0 notre newsletter. Les informations que nous collectons sont utilis\u00e9es pour r\u00e9pondre \u00e0 vos demandes sp\u00e9cifiques, am\u00e9liorer l\u2019exp\u00e9rience utilisateur sur notre site web et communiquer avec vous par le biais de newsletters ou d\u2019autres moyens de communication similaires.<\/p>\n\n\n\n<h2 class=\"wp-block-heading\">\u2013 Protection des Informations<\/h2>\n\n\n\n<p>Nous nous engageons \u00e0 prot\u00e9ger vos informations personnelles et \u00e0 les s\u00e9curiser contre tout acc\u00e8s non autoris\u00e9 ou toute divulgation. Nous ne vendrons, ne distribuerons ni ne louerons vos informations personnelles \u00e0 des tiers sans votre consentement, sauf si la loi l\u2019exige.<\/p>\n\n\n\n<h2 class=\"wp-block-heading\">\u2013 Utilisation des Cookies<\/h2>\n\n\n\n<p>Ce site utilise des cookies pour am\u00e9liorer votre exp\u00e9rience de navigation. Les cookies sont de petits fichiers texte stock\u00e9s sur votre ordinateur qui nous aident \u00e0 analyser l\u2019utilisation du site et \u00e0 personnaliser le contenu en fonction de vos int\u00e9r\u00eats et pr\u00e9f\u00e9rences. Vous pouvez configurer votre navigateur pour refuser tous les cookies ou pour vous alerter lorsque des cookies sont envoy\u00e9s. Veuillez noter que certaines parties de ce site peuvent ne pas fonctionner correctement si les cookies sont d\u00e9sactiv\u00e9s.<\/p>\n\n\n\n<h2 class=\"wp-block-heading\">\u2013 Consentement<\/h2>\n\n\n\n<p>En utilisant ce site, vous consentez \u00e0 notre politique de confidentialit\u00e9 et acceptez ses termes et conditions. Nous nous r\u00e9servons le droit de modifier cette politique de confidentialit\u00e9 \u00e0 tout moment, veuillez consulter r\u00e9guli\u00e8rement cette page pour vous tenir inform\u00e9 des \u00e9ventuelles modifications. Pour toute question concernant notre politique de confidentialit\u00e9, veuillez nous contacter \u00e0 l\u2019adresse e-mail suivante :&nbsp;<a href=\"https:\/\/www.agenceboclair.com\/template-info\/politique-de-confidentialite#\">contact@agenceboclair.fr<\/a>.<\/p>\n\n\n\n<h2 class=\"wp-block-heading\">\u2013 Mentions L\u00e9gales<\/h2>\n\n\n\n<p><strong>Nom de l\u2019entreprise<\/strong>\u00a0:\u00a0<strong>Boclair Agency LLC<\/strong><br>\u200d<strong>Num\u00e9ro<\/strong>\u00a0: \u00a045008584<br>\u200d<strong>Adresse postale<\/strong>\u00a0: Compass Building, Al Shohada Road, Al Hamra Industrial Zone-FZ, Ras Al Khaimah, UAE<br>\u200d<strong>Adresse de courrier \u00e9lectronique<\/strong>\u00a0:\u00a0<a href=\"https:\/\/www.agenceboclair.com\/template-info\/politique-de-confidentialite#\">contact@agenceboclair.com<\/a><br>\u200d<strong>Directeur de la publication<\/strong>\u00a0: Ben yedder Chaker<br>\u200d<br>\u200d<strong>H\u00e9bergeur<\/strong>\u00a0:\u00a0<strong>HOSTINGER<br>Address<\/strong>\u00a0: 143 Rue Emile Julien, 34070 Montpellier, France<br>\u200d<strong>Phone<\/strong>\u00a0: 08 92 97 70 93<br>\u200d<strong>E-mail<\/strong>\u00a0:\u00a0<a href=\"https:\/\/www.agenceboclair.com\/template-info\/politique-de-confidentialite#\">gdpr@hostinger.com<br><br>\u200d<\/a><strong>Derni\u00e8re mise \u00e0 jour<\/strong>\u00a0: Le 20 12 2025<\/p>","protected":false},"excerpt":{"rendered":"<p>Politique de confidentialit\u00e9 Cette Politique de Confidentialit\u00e9 et Mentions L\u00e9gales d\u00e9crit la mani\u00e8re dont la soci\u00e9t\u00e9&nbsp;Boclair&nbsp;Agency&nbsp;collecte, utilise et prot\u00e8ge les informations que vous fournissez lors de l\u2019utilisation de ce site web, ainsi que les informations l\u00e9gales relatives \u00e0 notre entreprise et \u00e0 notre site web. \u2013 Collecte et Utilisation des Informations Nous recueillons des informations&#8230;<\/p>","protected":false},"author":1,"featured_media":0,"parent":0,"menu_order":0,"comment_status":"closed","ping_status":"open","template":"","meta":{"_kadence_starter_templates_imported_post":false,"_kad_post_transparent":"","_kad_post_title":"","_kad_post_layout":"","_kad_post_sidebar_id":"","_kad_post_content_style":"","_kad_post_vertical_padding":"","_kad_post_feature":"","_kad_post_feature_position":"","_kad_post_header":false,"_kad_post_footer":false,"_kad_post_classname":"","_joinchat":[],"footnotes":""},"class_list":["post-3","page","type-page","status-publish","hentry"],"_links":{"self":[{"href":"https:\/\/boclairagency.com\/en\/wp-json\/wp\/v2\/pages\/3","targetHints":{"allow":["GET"]}}],"collection":[{"href":"https:\/\/boclairagency.com\/en\/wp-json\/wp\/v2\/pages"}],"about":[{"href":"https:\/\/boclairagency.com\/en\/wp-json\/wp\/v2\/types\/page"}],"author":[{"embeddable":true,"href":"https:\/\/boclairagency.com\/en\/wp-json\/wp\/v2\/users\/1"}],"replies":[{"embeddable":true,"href":"https:\/\/boclairagency.com\/en\/wp-json\/wp\/v2\/comments?post=3"}],"version-history":[{"count":1,"href":"https:\/\/boclairagency.com\/en\/wp-json\/wp\/v2\/pages\/3\/revisions"}],"predecessor-version":[{"id":77,"href":"https:\/\/boclairagency.com\/en\/wp-json\/wp\/v2\/pages\/3\/revisions\/77"}],"wp:attachment":[{"href":"https:\/\/boclairagency.com\/en\/wp-json\/wp\/v2\/media?parent=3"}],"curies":[{"name":"wp","href":"https:\/\/api.w.org\/{rel}","templated":true}]}}